{"id":47214,"date":"2018-03-28T11:36:53","date_gmt":"2018-03-28T11:36:53","guid":{"rendered":"https:\/\/www.itag-okolex.hu\/de\/?page_id=47214"},"modified":"2023-03-23T23:37:13","modified_gmt":"2023-03-23T23:37:13","slug":"steuerberatung","status":"publish","type":"page","link":"https:\/\/itag-okolex.hu\/de\/dienstleistungen\/steuerberatung\/","title":{"rendered":"Steuerberatung"},"content":{"rendered":"<div class=\"fusion-fullwidth fullwidth-box fusion-builder-row-1 fusion-flex-container nonhundred-percent-fullwidth non-hundred-percent-height-scrolling\" style=\"--awb-background-position:left top;--awb-border-sizes-top:0px;--awb-border-sizes-bottom:0px;--awb-border-sizes-left:0px;--awb-border-sizes-right:0px;--awb-border-radius-top-left:0px;--awb-border-radius-top-right:0px;--awb-border-radius-bottom-right:0px;--awb-border-radius-bottom-left:0px;--awb-padding-top:60px;--awb-margin-top:0px;--awb-margin-bottom:0px;--awb-background-color:#f9f9f9;--awb-flex-wrap:wrap;\" ><div class=\"fusion-builder-row fusion-row fusion-flex-align-items-stretch fusion-flex-content-wrap\" style=\"max-width:calc( 1170px + 0px );margin-left: calc(-0px \/ 2 );margin-right: calc(-0px \/ 2 );\"><div class=\"fusion-layout-column fusion_builder_column fusion-builder-column-0 fusion_builder_column_1_1 1_1 fusion-flex-column fusion-column-inner-bg-wrapper fusion-column-liftup-border\" style=\"--awb-padding-top:65px;--awb-padding-right:65px;--awb-padding-bottom:35px;--awb-padding-left:65px;--awb-inner-bg-color:#ffffff;--awb-inner-bg-color-hover:#ffffff;--awb-inner-bg-size:cover;--awb-border-color:#eeeeee;--awb-inner-border-color:#eeeeee;--awb-border-top:0;--awb-inner-border-top:0;--awb-border-right:0;--awb-inner-border-right:0;--awb-border-bottom:0;--awb-inner-border-bottom:0;--awb-border-left:0;--awb-inner-border-left:0;--awb-border-style:solid;--awb-inner-border-style:solid;--awb-width-large:100%;--awb-margin-top-large:0px;--awb-spacing-right-large:0px;--awb-margin-bottom-large:3%;--awb-spacing-left-large:0px;--awb-width-medium:100%;--awb-spacing-right-medium:0px;--awb-spacing-left-medium:0px;--awb-width-small:100%;--awb-spacing-right-small:0px;--awb-spacing-left-small:0px;\"><span class=\"fusion-column-inner-bg hover-type-liftup\"><span class=\"fusion-column-anchor\"><span class=\"fusion-column-inner-bg-image\"><\/span><\/span><\/span><div class=\"fusion-column-wrapper fusion-flex-justify-content-center fusion-content-layout-column\"><div class=\"fusion-builder-row fusion-builder-row-inner fusion-row fusion-flex-align-items-stretch fusion-flex-content-wrap\" style=\"width:calc( 100% + 0px ) !important;max-width:calc( 100% + 0px ) !important;margin-left: calc(-0px \/ 2 );margin-right: calc(-0px \/ 2 );\"><div class=\"fusion-layout-column fusion_builder_column_inner fusion-builder-nested-column-0 fusion_builder_column_inner_1_1 1_1 fusion-flex-column\" style=\"--awb-bg-size:cover;--awb-width-large:100%;--awb-margin-top-large:20px;--awb-spacing-right-large:0px;--awb-margin-bottom-large:20px;--awb-spacing-left-large:0px;--awb-width-medium:100%;--awb-spacing-right-medium:0px;--awb-spacing-left-medium:0px;--awb-width-small:100%;--awb-spacing-right-small:0px;--awb-spacing-left-small:0px;\"><div class=\"fusion-column-wrapper fusion-flex-justify-content-flex-start fusion-content-layout-column\"><\/div><\/div><div class=\"fusion-layout-column fusion_builder_column_inner fusion-builder-nested-column-1 fusion_builder_column_inner_1_3 1_3 fusion-flex-column\" style=\"--awb-bg-size:cover;--awb-width-large:33.333333333333%;--awb-margin-top-large:0px;--awb-spacing-right-large:0px;--awb-margin-bottom-large:20px;--awb-spacing-left-large:0px;--awb-width-medium:33.333333333333%;--awb-spacing-right-medium:0px;--awb-spacing-left-medium:0px;--awb-width-small:100%;--awb-spacing-right-small:0px;--awb-spacing-left-small:0px;\"><div class=\"fusion-column-wrapper fusion-flex-justify-content-flex-start fusion-content-layout-column\"><div class=\"fusion-image-element \" style=\"--awb-caption-title-font-family:var(--h2_typography-font-family);--awb-caption-title-font-weight:var(--h2_typography-font-weight);--awb-caption-title-font-style:var(--h2_typography-font-style);--awb-caption-title-size:var(--h2_typography-font-size);--awb-caption-title-transform:var(--h2_typography-text-transform);--awb-caption-title-line-height:var(--h2_typography-line-height);--awb-caption-title-letter-spacing:var(--h2_typography-letter-spacing);\"><span class=\" fusion-imageframe imageframe-none imageframe-1 hover-type-none\"><img decoding=\"async\" width=\"300\" height=\"300\" alt=\"ITAG-\u00d6kolex Zrt. K\u00f6nyvel\u00e9si szolg\u00e1ltat\u00e1sok\" title=\"ITAG-\u00d6kolex Zrt. K\u00f6nyvel\u00e9si szolg\u00e1ltat\u00e1sok\" src=\"https:\/\/itag-okolex.hu\/de\/wp-content\/uploads\/sites\/4\/assets\/img\/ikon-konyveles.png\" data-orig-src=\"https:\/\/www.itag-okolex.hu\/de\/wp-content\/uploads\/sites\/4\/assets\/img\/ikon-konyveles.png\" class=\"lazyload img-responsive wp-image-46935\" srcset=\"data:image\/svg+xml,%3Csvg%20xmlns%3D%27http%3A%2F%2Fwww.w3.org%2F2000%2Fsvg%27%20width%3D%27300%27%20height%3D%27300%27%20viewBox%3D%270%200%20300%20300%27%3E%3Crect%20width%3D%27300%27%20height%3D%27300%27%20fill-opacity%3D%220%22%2F%3E%3C%2Fsvg%3E\" data-srcset=\"https:\/\/itag-okolex.hu\/de\/wp-content\/uploads\/sites\/4\/assets\/img\/ikon-konyveles-200x200.png 200w, https:\/\/itag-okolex.hu\/de\/wp-content\/uploads\/sites\/4\/assets\/img\/ikon-konyveles.png 300w\" data-sizes=\"auto\" data-orig-sizes=\"(max-width: 640px) 100vw, 300px\" \/><\/span><\/div><\/div><\/div><div class=\"fusion-layout-column fusion_builder_column_inner fusion-builder-nested-column-2 fusion_builder_column_inner_2_3 2_3 fusion-flex-column\" style=\"--awb-bg-size:cover;--awb-width-large:66.666666666667%;--awb-margin-top-large:0px;--awb-spacing-right-large:0px;--awb-margin-bottom-large:20px;--awb-spacing-left-large:0px;--awb-width-medium:66.666666666667%;--awb-spacing-right-medium:0px;--awb-spacing-left-medium:0px;--awb-width-small:100%;--awb-spacing-right-small:0px;--awb-spacing-left-small:0px;\"><div class=\"fusion-column-wrapper fusion-flex-justify-content-flex-start fusion-content-layout-column\"><div class=\"fusion-text fusion-text-1\"><h4>T\u00e1rsas\u00e1gunk az al\u00e1bbi sz\u00e1mviteli szolg\u00e1ltat\u00e1sokat k\u00edn\u00e1lja mikro-, kis- \u00e9s k\u00f6z\u00e9pv\u00e1llalkoz\u00e1soknak, k\u00fclf\u00f6ldi v\u00e1llalkoz\u00e1sok magyarorsz\u00e1gi le\u00e1nyv\u00e1llalatai, fi\u00f3ktelepei sz\u00e1m\u00e1ra n\u00e9met \u00e9s angol nyelv\u0171 adatszolg\u00e1ltat\u00e1ssal.<\/h4>\n<ul type=\"square\">\n<li>F\u0151k\u00f6nyvi teljes k\u00f6r\u0171 kett\u0151s k\u00f6nyvvezet\u00e9s<\/li>\n<li>\u00c9ves, \u00e9vk\u00f6zi besz\u00e1mol\u00f3 k\u00e9sz\u00edt\u00e9s magyar \u00e9s n\u00e9met vagy angol nyelven<\/li>\n<li>Ad\u00f3bevall\u00e1sok elk\u00e9sz\u00edt\u00e9se \u00e9s bek\u00fcld\u00e9se<\/li>\n<li>Adatszolg\u00e1ltat\u00e1s a k\u00f6nyvelt adatokb\u00f3l egyeztetett ig\u00e9ny szerint<\/li>\n<li>Sz\u00e1mviteli politika, sz\u00e1mlarend k\u00e9sz\u00edt\u00e9se, aktualiz\u00e1l\u00e1sa \u00fcgyf\u00e9l d\u00f6nt\u00e9s\u00e9nek figyelembev\u00e9tel<\/li>\n<li>Szakmai t\u00e1mogat\u00e1s sz\u00e1mviteli rendszer kialak\u00edt\u00e1s\u00e1ban, fel\u00fclvizsg\u00e1lat\u00e1ban, tov\u00e1bbfejleszt\u00e9s\u00e9ben<\/li>\n<li>KSH, MNB adatszolg\u00e1ltat\u00e1sok elk\u00e9sz\u00edt\u00e9se, beny\u00fajt\u00e1sa<\/li>\n<li>K\u00f6nyvvezet\u00e9s deviz\u00e1ban<\/li>\n<li>K\u00fclf\u00f6ldi sz\u00e9khely\u0171 v\u00e1llalkoz\u00e1sok magyarorsz\u00e1gi fi\u00f3ktelepeinek k\u00f6nyvvezet\u00e9se<\/li>\n<\/ul>\n<h3>Egy\u00e9b szolg\u00e1ltat\u00e1sok<\/h3>\n<ul type=\"square\">\n<li>Ig\u00e9ny szerint az \u00e1ltalunk k\u00f6nyvelt c\u00e9gek sz\u00e1m\u00e1ra sz\u00e9khely biztos\u00edt\u00e1sa, irodai adminisztr\u00e1ci\u00f3s \u00fcgyint\u00e9z\u00e9s ny\u00fajt\u00e1sa<\/li>\n<li>V\u00e9gelsz\u00e1mol\u00e1s al\u00e1 ker\u00fclt t\u00e1rsas\u00e1gok k\u00f6nyvel\u00e9se, v\u00e9gelsz\u00e1mol\u00e1s \u00fcgyint\u00e9z\u00e9se<\/li>\n<\/ul>\n<\/div><\/div><\/div><\/div>\n<\/div><\/div><\/div><\/div>\n","protected":false},"excerpt":{"rendered":"","protected":false},"author":4,"featured_media":0,"parent":9,"menu_order":0,"comment_status":"closed","ping_status":"closed","template":"100-width.php","meta":{"_acf_changed":false,"footnotes":""},"class_list":["post-47214","page","type-page","status-publish","hentry"],"acf":[],"yoast_head":"<!-- This site is optimized with the Yoast SEO Premium plugin v17.7 (Yoast SEO v24.2) - https:\/\/yoast.com\/wordpress\/plugins\/seo\/ -->\n<title>Steuerberatung, Buchhaltung, Lohnabrechnung, Steuerberatung<\/title>\n<meta name=\"description\" content=\"Fachwissen und Erfahrung. Das zuverl\u00e4ssige Buchhaltungsb\u00fcro. Buchhaltung, Lohnabrechnung, Beratung. Fast 30-j\u00e4hrige Berufserfahrung.\" \/>\n<meta name=\"robots\" content=\"index, follow, max-snippet:-1, max-image-preview:large, max-video-preview:-1\" \/>\n<link rel=\"canonical\" href=\"https:\/\/itag-okolex.hu\/de\/dienstleistungen\/steuerberatung\/\" \/>\n<meta property=\"og:locale\" content=\"hu_HU\" \/>\n<meta property=\"og:type\" content=\"article\" \/>\n<meta property=\"og:title\" content=\"Steuerberatung\" \/>\n<meta property=\"og:description\" content=\"Fachwissen und Erfahrung. Das zuverl\u00e4ssige Buchhaltungsb\u00fcro. Buchhaltung, Lohnabrechnung, Beratung. Fast 30-j\u00e4hrige Berufserfahrung.\" \/>\n<meta property=\"og:url\" content=\"https:\/\/itag-okolex.hu\/de\/dienstleistungen\/steuerberatung\/\" \/>\n<meta property=\"og:site_name\" content=\"DEU ITAG-\u00d6kolex Zrt.\" \/>\n<meta property=\"article:modified_time\" content=\"2023-03-23T23:37:13+00:00\" \/>\n<meta name=\"twitter:card\" content=\"summary_large_image\" \/>\n<meta name=\"twitter:label1\" content=\"Becs\u00fclt olvas\u00e1si id\u0151\" \/>\n\t<meta name=\"twitter:data1\" content=\"3 perc\" \/>\n<script type=\"application\/ld+json\" class=\"yoast-schema-graph\">{\"@context\":\"https:\/\/schema.org\",\"@graph\":[{\"@type\":\"WebPage\",\"@id\":\"https:\/\/itag-okolex.hu\/de\/dienstleistungen\/steuerberatung\/\",\"url\":\"https:\/\/itag-okolex.hu\/de\/dienstleistungen\/steuerberatung\/\",\"name\":\"Steuerberatung, Buchhaltung, Lohnabrechnung, Steuerberatung\",\"isPartOf\":{\"@id\":\"https:\/\/itag-okolex.hu\/de\/#website\"},\"datePublished\":\"2018-03-28T11:36:53+00:00\",\"dateModified\":\"2023-03-23T23:37:13+00:00\",\"description\":\"Fachwissen und Erfahrung. Das zuverl\u00e4ssige Buchhaltungsb\u00fcro. Buchhaltung, Lohnabrechnung, Beratung. Fast 30-j\u00e4hrige Berufserfahrung.\",\"breadcrumb\":{\"@id\":\"https:\/\/itag-okolex.hu\/de\/dienstleistungen\/steuerberatung\/#breadcrumb\"},\"inLanguage\":\"hu\",\"potentialAction\":[{\"@type\":\"ReadAction\",\"target\":[\"https:\/\/itag-okolex.hu\/de\/dienstleistungen\/steuerberatung\/\"]}]},{\"@type\":\"BreadcrumbList\",\"@id\":\"https:\/\/itag-okolex.hu\/de\/dienstleistungen\/steuerberatung\/#breadcrumb\",\"itemListElement\":[{\"@type\":\"ListItem\",\"position\":1,\"name\":\"Kezd\u0151lap\",\"item\":\"https:\/\/itag-okolex.hu\/de\/\"},{\"@type\":\"ListItem\",\"position\":2,\"name\":\"Dienstleistungen\",\"item\":\"https:\/\/itag-okolex.hu\/de\/dienstleistungen\/\"},{\"@type\":\"ListItem\",\"position\":3,\"name\":\"Steuerberatung\"}]},{\"@type\":\"WebSite\",\"@id\":\"https:\/\/itag-okolex.hu\/de\/#website\",\"url\":\"https:\/\/itag-okolex.hu\/de\/\",\"name\":\"ITAG-\u00d6kolex Zrt\",\"description\":\"Buchhaltung, Lohnabrechnung, Beratung\",\"potentialAction\":[{\"@type\":\"SearchAction\",\"target\":{\"@type\":\"EntryPoint\",\"urlTemplate\":\"https:\/\/itag-okolex.hu\/de\/?s={search_term_string}\"},\"query-input\":{\"@type\":\"PropertyValueSpecification\",\"valueRequired\":true,\"valueName\":\"search_term_string\"}}],\"inLanguage\":\"hu\"}]}<\/script>\n<!-- \/ Yoast SEO Premium plugin. -->","yoast_head_json":{"title":"Steuerberatung, Buchhaltung, Lohnabrechnung, Steuerberatung","description":"Fachwissen und Erfahrung. Das zuverl\u00e4ssige Buchhaltungsb\u00fcro. Buchhaltung, Lohnabrechnung, Beratung. Fast 30-j\u00e4hrige Berufserfahrung.","robots":{"index":"index","follow":"follow","max-snippet":"max-snippet:-1","max-image-preview":"max-image-preview:large","max-video-preview":"max-video-preview:-1"},"canonical":"https:\/\/itag-okolex.hu\/de\/dienstleistungen\/steuerberatung\/","og_locale":"hu_HU","og_type":"article","og_title":"Steuerberatung","og_description":"Fachwissen und Erfahrung. Das zuverl\u00e4ssige Buchhaltungsb\u00fcro. Buchhaltung, Lohnabrechnung, Beratung. Fast 30-j\u00e4hrige Berufserfahrung.","og_url":"https:\/\/itag-okolex.hu\/de\/dienstleistungen\/steuerberatung\/","og_site_name":"DEU ITAG-\u00d6kolex Zrt.","article_modified_time":"2023-03-23T23:37:13+00:00","twitter_card":"summary_large_image","twitter_misc":{"Becs\u00fclt olvas\u00e1si id\u0151":"3 perc"},"schema":{"@context":"https:\/\/schema.org","@graph":[{"@type":"WebPage","@id":"https:\/\/itag-okolex.hu\/de\/dienstleistungen\/steuerberatung\/","url":"https:\/\/itag-okolex.hu\/de\/dienstleistungen\/steuerberatung\/","name":"Steuerberatung, Buchhaltung, Lohnabrechnung, Steuerberatung","isPartOf":{"@id":"https:\/\/itag-okolex.hu\/de\/#website"},"datePublished":"2018-03-28T11:36:53+00:00","dateModified":"2023-03-23T23:37:13+00:00","description":"Fachwissen und Erfahrung. Das zuverl\u00e4ssige Buchhaltungsb\u00fcro. Buchhaltung, Lohnabrechnung, Beratung. Fast 30-j\u00e4hrige Berufserfahrung.","breadcrumb":{"@id":"https:\/\/itag-okolex.hu\/de\/dienstleistungen\/steuerberatung\/#breadcrumb"},"inLanguage":"hu","potentialAction":[{"@type":"ReadAction","target":["https:\/\/itag-okolex.hu\/de\/dienstleistungen\/steuerberatung\/"]}]},{"@type":"BreadcrumbList","@id":"https:\/\/itag-okolex.hu\/de\/dienstleistungen\/steuerberatung\/#breadcrumb","itemListElement":[{"@type":"ListItem","position":1,"name":"Kezd\u0151lap","item":"https:\/\/itag-okolex.hu\/de\/"},{"@type":"ListItem","position":2,"name":"Dienstleistungen","item":"https:\/\/itag-okolex.hu\/de\/dienstleistungen\/"},{"@type":"ListItem","position":3,"name":"Steuerberatung"}]},{"@type":"WebSite","@id":"https:\/\/itag-okolex.hu\/de\/#website","url":"https:\/\/itag-okolex.hu\/de\/","name":"ITAG-\u00d6kolex Zrt","description":"Buchhaltung, Lohnabrechnung, Beratung","potentialAction":[{"@type":"SearchAction","target":{"@type":"EntryPoint","urlTemplate":"https:\/\/itag-okolex.hu\/de\/?s={search_term_string}"},"query-input":{"@type":"PropertyValueSpecification","valueRequired":true,"valueName":"search_term_string"}}],"inLanguage":"hu"}]}},"_links":{"self":[{"href":"https:\/\/itag-okolex.hu\/de\/wp-json\/wp\/v2\/pages\/47214","targetHints":{"allow":["GET"]}}],"collection":[{"href":"https:\/\/itag-okolex.hu\/de\/wp-json\/wp\/v2\/pages"}],"about":[{"href":"https:\/\/itag-okolex.hu\/de\/wp-json\/wp\/v2\/types\/page"}],"author":[{"embeddable":true,"href":"https:\/\/itag-okolex.hu\/de\/wp-json\/wp\/v2\/users\/4"}],"replies":[{"embeddable":true,"href":"https:\/\/itag-okolex.hu\/de\/wp-json\/wp\/v2\/comments?post=47214"}],"version-history":[{"count":8,"href":"https:\/\/itag-okolex.hu\/de\/wp-json\/wp\/v2\/pages\/47214\/revisions"}],"predecessor-version":[{"id":47913,"href":"https:\/\/itag-okolex.hu\/de\/wp-json\/wp\/v2\/pages\/47214\/revisions\/47913"}],"up":[{"embeddable":true,"href":"https:\/\/itag-okolex.hu\/de\/wp-json\/wp\/v2\/pages\/9"}],"wp:attachment":[{"href":"https:\/\/itag-okolex.hu\/de\/wp-json\/wp\/v2\/media?parent=47214"}],"curies":[{"name":"wp","href":"https:\/\/api.w.org\/{rel}","templated":true}]}}