{"id":47157,"date":"2018-03-28T08:10:39","date_gmt":"2018-03-28T08:10:39","guid":{"rendered":"https:\/\/www.itag-okolex.hu\/en\/?page_id=47157"},"modified":"2022-01-24T10:42:11","modified_gmt":"2022-01-24T10:42:11","slug":"itag-okolex","status":"publish","type":"page","link":"https:\/\/itag-okolex.hu\/en\/itag-okolex\/","title":{"rendered":"ITAG-\u00d6KOLEX"},"content":{"rendered":"<p><div class=\"fusion-fullwidth fullwidth-box fusion-builder-row-1 fusion-flex-container nonhundred-percent-fullwidth non-hundred-percent-height-scrolling\" style=\"--awb-background-position:left top;--awb-border-sizes-top:0px;--awb-border-sizes-bottom:0px;--awb-border-sizes-left:0px;--awb-border-sizes-right:0px;--awb-border-radius-top-left:0px;--awb-border-radius-top-right:0px;--awb-border-radius-bottom-right:0px;--awb-border-radius-bottom-left:0px;--awb-padding-bottom:50px;--awb-flex-wrap:wrap;\" ><div class=\"fusion-builder-row fusion-row fusion-flex-align-items-flex-start fusion-flex-content-wrap\" style=\"max-width:1216.8px;margin-left: calc(-4% \/ 2 );margin-right: calc(-4% \/ 2 );\"><div class=\"fusion-layout-column fusion_builder_column fusion-builder-column-0 fusion_builder_column_1_6 1_6 fusion-flex-column fusion-no-small-visibility\" style=\"--awb-bg-size:cover;--awb-width-large:16.666666666667%;--awb-margin-top-large:0px;--awb-spacing-right-large:11.52%;--awb-margin-bottom-large:20px;--awb-spacing-left-large:11.52%;--awb-width-medium:16.666666666667%;--awb-spacing-right-medium:11.52%;--awb-spacing-left-medium:11.52%;--awb-width-small:100%;--awb-spacing-right-small:1.92%;--awb-spacing-left-small:1.92%;\"><div class=\"fusion-column-wrapper fusion-flex-justify-content-flex-start fusion-content-layout-column\"><\/div><\/div><div class=\"fusion-layout-column fusion_builder_column fusion-builder-column-1 fusion_builder_column_2_3 2_3 fusion-flex-column\" style=\"--awb-bg-size:cover;--awb-width-large:66.666666666667%;--awb-margin-top-large:2%;--awb-spacing-right-large:2.88%;--awb-margin-bottom-large:20px;--awb-spacing-left-large:2.88%;--awb-width-medium:66.666666666667%;--awb-spacing-right-medium:2.88%;--awb-spacing-left-medium:2.88%;--awb-width-small:100%;--awb-spacing-right-small:1.92%;--awb-spacing-left-small:1.92%;\"><div class=\"fusion-column-wrapper fusion-flex-justify-content-center fusion-content-layout-column\"><div class=\"fusion-text fusion-text-1\" style=\"--awb-text-transform:none;\"><h2 style=\"text-align: center;\">About us<\/h2>\n<\/div><div class=\"fusion-text fusion-text-2\" style=\"--awb-text-transform:none;\"><p style=\"text-align: left;\">ITAG-\u00d6KOLEX Zrt. was founded at the time of the regime change. In 1989, a few Hungarian economists and lawyers set up a company to lay the foundations. Among the shareholders of the private limited company established in Hungary in 1992 was the Internationale Treuhand AG founded in 1947 in the Basel Triangle. During these years the professional background and development of the company group built up in Hungary had been greatly supported by the Swiss shareholder. In 2007 the Swiss shareholder sold his shares to domestic professionals due to a change of ownership at home.<br \/>\nCurrently, ITAG-\u00d6KOLEX Business Consultancy Plc. <strong>preserving its independence gives reliable and professional advice<\/strong> and provides solutions in German or English language as well.<\/p>\n<p style=\"text-align: left;\">The company has been planning and shaping its future with optimism and purpose based on its experience, stable staff and its conservative values: in Hungary it maintains and expands its domestic and international client base, preserving its specific philosophy of providing <strong>good in a good way<\/strong> which is the utmost key to its success.<\/p>\n<p style=\"text-align: left;\">The company has been a member of the Chamber of Commerce and Industry of Gy\u0151r-Moson-Sopron County since the inception.<\/p>\n<\/div><\/div><\/div><div class=\"fusion-layout-column fusion_builder_column fusion-builder-column-2 fusion_builder_column_1_6 1_6 fusion-flex-column fusion-no-small-visibility\" style=\"--awb-bg-size:cover;--awb-width-large:16.666666666667%;--awb-margin-top-large:0px;--awb-spacing-right-large:11.52%;--awb-margin-bottom-large:20px;--awb-spacing-left-large:11.52%;--awb-width-medium:16.666666666667%;--awb-spacing-right-medium:11.52%;--awb-spacing-left-medium:11.52%;--awb-width-small:100%;--awb-spacing-right-small:1.92%;--awb-spacing-left-small:1.92%;\"><div class=\"fusion-column-wrapper fusion-flex-justify-content-flex-start fusion-content-layout-column\"><\/div><\/div><\/div><\/div><div class=\"fusion-fullwidth fullwidth-box fusion-builder-row-2 fusion-flex-container nonhundred-percent-fullwidth non-hundred-percent-height-scrolling\" style=\"--awb-background-position:left top;--awb-border-sizes-top:0px;--awb-border-sizes-bottom:0px;--awb-border-sizes-left:0px;--awb-border-sizes-right:0px;--awb-border-radius-top-left:0px;--awb-border-radius-top-right:0px;--awb-border-radius-bottom-right:0px;--awb-border-radius-bottom-left:0px;--awb-padding-top:100px;--awb-padding-bottom:70px;--awb-background-color:#f9f9f9;--awb-flex-wrap:wrap;\" ><div class=\"fusion-builder-row fusion-row fusion-flex-align-items-flex-start fusion-flex-content-wrap\" style=\"max-width:1216.8px;margin-left: calc(-4% \/ 2 );margin-right: calc(-4% \/ 2 );\"><div class=\"fusion-layout-column fusion_builder_column fusion-builder-column-3 fusion_builder_column_1_6 1_6 fusion-flex-column fusion-no-small-visibility\" style=\"--awb-bg-size:cover;--awb-width-large:16.666666666667%;--awb-margin-top-large:0px;--awb-spacing-right-large:11.52%;--awb-margin-bottom-large:20px;--awb-spacing-left-large:11.52%;--awb-width-medium:16.666666666667%;--awb-spacing-right-medium:11.52%;--awb-spacing-left-medium:11.52%;--awb-width-small:100%;--awb-spacing-right-small:1.92%;--awb-spacing-left-small:1.92%;\"><div class=\"fusion-column-wrapper fusion-flex-justify-content-flex-start fusion-content-layout-column\"><\/div><\/div><div class=\"fusion-layout-column fusion_builder_column fusion-builder-column-4 fusion_builder_column_2_3 2_3 fusion-flex-column\" style=\"--awb-bg-size:cover;--awb-width-large:66.666666666667%;--awb-margin-top-large:3%;--awb-spacing-right-large:2.88%;--awb-margin-bottom-large:30px;--awb-spacing-left-large:2.88%;--awb-width-medium:66.666666666667%;--awb-spacing-right-medium:2.88%;--awb-spacing-left-medium:2.88%;--awb-width-small:100%;--awb-spacing-right-small:1.92%;--awb-spacing-left-small:1.92%;\"><div class=\"fusion-column-wrapper fusion-flex-justify-content-center fusion-content-layout-column\"><div class=\"fusion-text fusion-text-3\" style=\"--awb-content-alignment:center;--awb-text-transform:none;\"><h1 style=\"text-align: center;\"><strong style=\"font-size: 46px;\" data-fusion-font=\"true\">ITAG-\u00d6KOLEX Zrt.<\/strong><\/h1>\n<p style=\"text-align: center;\">Address: 9023 Gy\u0151r, Tihanyi \u00c1rp\u00e1d str. 17. ground floor<\/p>\n<p style=\"text-align: center;\">Company registration number: 08-10-001574<\/p>\n<p style=\"text-align: center;\">Established: 1992.12.31.<\/p>\n<\/div><div class=\"fusion-text fusion-text-4\" style=\"--awb-text-transform:none;\"><h1><\/h1>\n<h1 style=\"text-align: center; line-height: 50px; font-size: 40px; letter-spacing: 1px;\" data-fusion-font=\"true\"><b>Board of Directors<\/b><\/h1>\n<\/div><\/div><\/div><div class=\"fusion-layout-column fusion_builder_column fusion-builder-column-5 fusion_builder_column_1_6 1_6 fusion-flex-column fusion-no-small-visibility\" style=\"--awb-bg-size:cover;--awb-width-large:16.666666666667%;--awb-margin-top-large:0px;--awb-spacing-right-large:11.52%;--awb-margin-bottom-large:20px;--awb-spacing-left-large:11.52%;--awb-width-medium:16.666666666667%;--awb-spacing-right-medium:11.52%;--awb-spacing-left-medium:11.52%;--awb-width-small:100%;--awb-spacing-right-small:1.92%;--awb-spacing-left-small:1.92%;\"><div class=\"fusion-column-wrapper fusion-flex-justify-content-flex-start fusion-content-layout-column\"><\/div><\/div><div class=\"fusion-layout-column fusion_builder_column fusion-builder-column-6 fusion_builder_column_1_3 1_3 fusion-flex-column\" style=\"--awb-bg-size:cover;--awb-width-large:33.333333333333%;--awb-margin-top-large:0px;--awb-spacing-right-large:5.76%;--awb-margin-bottom-large:20px;--awb-spacing-left-large:5.76%;--awb-width-medium:33.333333333333%;--awb-spacing-right-medium:5.76%;--awb-spacing-left-medium:5.76%;--awb-width-small:100%;--awb-spacing-right-small:1.92%;--awb-spacing-left-small:1.92%;\"><div class=\"fusion-column-wrapper fusion-flex-justify-content-flex-start fusion-content-layout-column\"><div class=\"fusion-content-boxes content-boxes columns row fusion-columns-1 fusion-columns-total-1 fusion-content-boxes-1 content-boxes-clean-vertical content-left content-boxes-icon-on-top\" style=\"--awb-backgroundcolor:#ffffff;--awb-title-color:#2d2d2d;--awb-margin-bottom:10px;--awb-hover-accent-color:#476ca1;--awb-circle-hover-accent-color:transparent;--awb-item-margin-bottom:40px;\" data-animationOffset=\"top-into-view\"><div style=\"--awb-backgroundcolor:#ffffff;border-color:rgba(255,255,255,0);\" class=\"fusion-column content-box-column content-box-column content-box-column-1 col-lg-12 col-md-12 col-sm-12 fusion-content-box-hover content-box-column-last content-box-column-last-in-row\"><div class=\"col content-box-wrapper content-wrapper-background link-area-link-icon content-icon-wrapper-yes icon-hover-animation-fade\" data-animationOffset=\"top-into-view\"><div class=\"heading icon-left\"><h2 class=\"content-box-heading fusion-responsive-typography-calculated\" style=\"--h2_typography-font-size:26px;--fontSize:26;line-height:1.1;\">Horv\u00e1th Szabolcs<\/h2><\/div><div class=\"fusion-clearfix\"><\/div><div class=\"content-container\">Member of the Board of Directors<\/p>\n<div class=\"fusion-separator\" style=\"align-self: center;margin-left: auto;margin-right: auto;margin-top:10px;margin-bottom:10px;width:100%;max-width:25%;\"><div class=\"fusion-separator-border sep-single sep-solid\" style=\"--awb-height:20px;--awb-amount:20px;--awb-sep-color:#c50000;border-color:#c50000;border-top-width:1px;\"><\/div><\/div>\n<p style=\"padding: 0 20px;\">Tax Consultancy, Accountancy<\/p>\n<\/div><\/div><\/div><div class=\"fusion-clearfix\"><\/div><\/div><\/div><\/div><div class=\"fusion-layout-column fusion_builder_column fusion-builder-column-7 fusion_builder_column_1_3 1_3 fusion-flex-column\" style=\"--awb-bg-size:cover;--awb-width-large:33.333333333333%;--awb-margin-top-large:0px;--awb-spacing-right-large:5.76%;--awb-margin-bottom-large:20px;--awb-spacing-left-large:5.76%;--awb-width-medium:33.333333333333%;--awb-spacing-right-medium:5.76%;--awb-spacing-left-medium:5.76%;--awb-width-small:100%;--awb-spacing-right-small:1.92%;--awb-spacing-left-small:1.92%;\"><div class=\"fusion-column-wrapper fusion-flex-justify-content-flex-start fusion-content-layout-column\"><div class=\"fusion-content-boxes content-boxes columns row fusion-columns-1 fusion-columns-total-1 fusion-content-boxes-2 content-boxes-clean-vertical content-left content-boxes-icon-on-top\" style=\"--awb-backgroundcolor:#ffffff;--awb-title-color:#2d2d2d;--awb-margin-bottom:10px;--awb-hover-accent-color:#476ca1;--awb-circle-hover-accent-color:transparent;--awb-item-margin-bottom:40px;\" data-animationOffset=\"top-into-view\"><div style=\"--awb-backgroundcolor:#ffffff;border-color:rgba(255,255,255,0);\" class=\"fusion-column content-box-column content-box-column content-box-column-1 col-lg-12 col-md-12 col-sm-12 fusion-content-box-hover content-box-column-last content-box-column-last-in-row\"><div class=\"col content-box-wrapper content-wrapper-background link-area-link-icon content-icon-wrapper-yes icon-hover-animation-fade\" data-animationOffset=\"top-into-view\"><div class=\"heading icon-left\"><h2 class=\"content-box-heading fusion-responsive-typography-calculated\" style=\"--h2_typography-font-size:26px;--fontSize:26;line-height:1.1;\">Polg\u00e1rn\u00e9 Szab\u00f3 Ildik\u00f3<\/h2><\/div><div class=\"fusion-clearfix\"><\/div><div class=\"content-container\">Chairman of the Board of Directors<\/p>\n<div class=\"fusion-separator\" style=\"align-self: center;margin-left: auto;margin-right: auto;margin-top:10px;margin-bottom:10px;width:100%;max-width:25%;\"><div class=\"fusion-separator-border sep-single sep-solid\" style=\"--awb-height:20px;--awb-amount:20px;--awb-sep-color:#c50000;border-color:#c50000;border-top-width:1px;\"><\/div><\/div>\n<p style=\"padding: 0 20px;\">Accountancy, Tax Consultancy<\/p>\n<\/div><\/div><\/div><div class=\"fusion-clearfix\"><\/div><\/div><\/div><\/div><div class=\"fusion-layout-column fusion_builder_column fusion-builder-column-8 fusion_builder_column_1_3 1_3 fusion-flex-column\" style=\"--awb-bg-size:cover;--awb-width-large:33.333333333333%;--awb-margin-top-large:0px;--awb-spacing-right-large:5.76%;--awb-margin-bottom-large:20px;--awb-spacing-left-large:5.76%;--awb-width-medium:33.333333333333%;--awb-spacing-right-medium:5.76%;--awb-spacing-left-medium:5.76%;--awb-width-small:100%;--awb-spacing-right-small:1.92%;--awb-spacing-left-small:1.92%;\"><div class=\"fusion-column-wrapper fusion-flex-justify-content-flex-start fusion-content-layout-column\"><div class=\"fusion-content-boxes content-boxes columns row fusion-columns-1 fusion-columns-total-1 fusion-content-boxes-3 content-boxes-clean-vertical content-left content-boxes-icon-on-top\" style=\"--awb-backgroundcolor:#ffffff;--awb-title-color:#2d2d2d;--awb-margin-bottom:10px;--awb-hover-accent-color:#476ca1;--awb-circle-hover-accent-color:transparent;--awb-item-margin-bottom:40px;\" data-animationOffset=\"top-into-view\"><div style=\"--awb-backgroundcolor:#ffffff;border-color:rgba(255,255,255,0);\" class=\"fusion-column content-box-column content-box-column content-box-column-1 col-lg-12 col-md-12 col-sm-12 fusion-content-box-hover content-box-column-last content-box-column-last-in-row\"><div class=\"col content-box-wrapper content-wrapper-background link-area-link-icon content-icon-wrapper-yes icon-hover-animation-fade\" data-animationOffset=\"top-into-view\"><div class=\"heading icon-left\"><h2 class=\"content-box-heading fusion-responsive-typography-calculated\" style=\"--h2_typography-font-size:26px;--fontSize:26;line-height:1.1;\">dr. Horv\u00e1th J\u00f3zsef<\/h2><\/div><div class=\"fusion-clearfix\"><\/div><div class=\"content-container\">Member of the Board of Directors<\/p>\n<div class=\"fusion-separator\" style=\"align-self: center;margin-left: auto;margin-right: auto;margin-top:10px;margin-bottom:10px;width:100%;max-width:25%;\"><div class=\"fusion-separator-border sep-single sep-solid\" style=\"--awb-height:20px;--awb-amount:20px;--awb-sep-color:#c50000;border-color:#c50000;border-top-width:1px;\"><\/div><\/div>\n<p style=\"padding: 0 20px;\">Law<\/p>\n<\/div><\/div><\/div><div class=\"fusion-clearfix\"><\/div><\/div><\/div><\/div><\/div><\/div><\/p>\n","protected":false},"excerpt":{"rendered":"","protected":false},"author":4,"featured_media":0,"parent":0,"menu_order":0,"comment_status":"closed","ping_status":"closed","template":"100-width.php","meta":{"_acf_changed":false,"footnotes":""},"class_list":["post-47157","page","type-page","status-publish","hentry"],"acf":[],"yoast_head":"<!-- This site is optimized with the Yoast SEO Premium plugin v17.7 (Yoast SEO v24.2) - https:\/\/yoast.com\/wordpress\/plugins\/seo\/ -->\n<title>ITAG-\u00d6KOLEX, bookkeeping, payroll services, tax consultancy<\/title>\n<meta name=\"description\" content=\"Expertise and experience, accounting office, bookkeeping, payroll services, tax consultancy. Almost 30 years of professional experience.\" \/>\n<meta name=\"robots\" content=\"index, follow, max-snippet:-1, max-image-preview:large, max-video-preview:-1\" \/>\n<link rel=\"canonical\" href=\"https:\/\/itag-okolex.hu\/en\/itag-okolex\/\" \/>\n<meta property=\"og:locale\" content=\"en_US\" \/>\n<meta property=\"og:type\" content=\"article\" \/>\n<meta property=\"og:title\" content=\"ITAG-\u00d6KOLEX\" \/>\n<meta property=\"og:description\" content=\"Expertise and experience, accounting office, bookkeeping, payroll services, tax consultancy. Almost 30 years of professional experience.\" \/>\n<meta property=\"og:url\" content=\"https:\/\/itag-okolex.hu\/en\/itag-okolex\/\" \/>\n<meta property=\"og:site_name\" content=\"ENG - ITAG-\u00d6kolex Zrt.\" \/>\n<meta property=\"article:modified_time\" content=\"2022-01-24T10:42:11+00:00\" \/>\n<meta name=\"twitter:card\" content=\"summary_large_image\" \/>\n<meta name=\"twitter:label1\" content=\"Est. reading time\" \/>\n\t<meta name=\"twitter:data1\" content=\"10 minutes\" \/>\n<script type=\"application\/ld+json\" class=\"yoast-schema-graph\">{\"@context\":\"https:\/\/schema.org\",\"@graph\":[{\"@type\":\"WebPage\",\"@id\":\"https:\/\/itag-okolex.hu\/en\/itag-okolex\/\",\"url\":\"https:\/\/itag-okolex.hu\/en\/itag-okolex\/\",\"name\":\"ITAG-\u00d6KOLEX, bookkeeping, payroll services, tax consultancy\",\"isPartOf\":{\"@id\":\"https:\/\/itag-okolex.hu\/en\/#website\"},\"datePublished\":\"2018-03-28T08:10:39+00:00\",\"dateModified\":\"2022-01-24T10:42:11+00:00\",\"description\":\"Expertise and experience, accounting office, bookkeeping, payroll services, tax consultancy. Almost 30 years of professional experience.\",\"breadcrumb\":{\"@id\":\"https:\/\/itag-okolex.hu\/en\/itag-okolex\/#breadcrumb\"},\"inLanguage\":\"en-US\",\"potentialAction\":[{\"@type\":\"ReadAction\",\"target\":[\"https:\/\/itag-okolex.hu\/en\/itag-okolex\/\"]}]},{\"@type\":\"BreadcrumbList\",\"@id\":\"https:\/\/itag-okolex.hu\/en\/itag-okolex\/#breadcrumb\",\"itemListElement\":[{\"@type\":\"ListItem\",\"position\":1,\"name\":\"Kezd\u0151lap\",\"item\":\"https:\/\/itag-okolex.hu\/en\/\"},{\"@type\":\"ListItem\",\"position\":2,\"name\":\"ITAG-\u00d6KOLEX\"}]},{\"@type\":\"WebSite\",\"@id\":\"https:\/\/itag-okolex.hu\/en\/#website\",\"url\":\"https:\/\/itag-okolex.hu\/en\/\",\"name\":\"ITAG-\u00d6kolex Zrt\",\"description\":\"bookkeeping, payroll services, tax consultancy\",\"potentialAction\":[{\"@type\":\"SearchAction\",\"target\":{\"@type\":\"EntryPoint\",\"urlTemplate\":\"https:\/\/itag-okolex.hu\/en\/?s={search_term_string}\"},\"query-input\":{\"@type\":\"PropertyValueSpecification\",\"valueRequired\":true,\"valueName\":\"search_term_string\"}}],\"inLanguage\":\"en-US\"}]}<\/script>\n<!-- \/ Yoast SEO Premium plugin. -->","yoast_head_json":{"title":"ITAG-\u00d6KOLEX, bookkeeping, payroll services, tax consultancy","description":"Expertise and experience, accounting office, bookkeeping, payroll services, tax consultancy. Almost 30 years of professional experience.","robots":{"index":"index","follow":"follow","max-snippet":"max-snippet:-1","max-image-preview":"max-image-preview:large","max-video-preview":"max-video-preview:-1"},"canonical":"https:\/\/itag-okolex.hu\/en\/itag-okolex\/","og_locale":"en_US","og_type":"article","og_title":"ITAG-\u00d6KOLEX","og_description":"Expertise and experience, accounting office, bookkeeping, payroll services, tax consultancy. Almost 30 years of professional experience.","og_url":"https:\/\/itag-okolex.hu\/en\/itag-okolex\/","og_site_name":"ENG - ITAG-\u00d6kolex Zrt.","article_modified_time":"2022-01-24T10:42:11+00:00","twitter_card":"summary_large_image","twitter_misc":{"Est. reading time":"10 minutes"},"schema":{"@context":"https:\/\/schema.org","@graph":[{"@type":"WebPage","@id":"https:\/\/itag-okolex.hu\/en\/itag-okolex\/","url":"https:\/\/itag-okolex.hu\/en\/itag-okolex\/","name":"ITAG-\u00d6KOLEX, bookkeeping, payroll services, tax consultancy","isPartOf":{"@id":"https:\/\/itag-okolex.hu\/en\/#website"},"datePublished":"2018-03-28T08:10:39+00:00","dateModified":"2022-01-24T10:42:11+00:00","description":"Expertise and experience, accounting office, bookkeeping, payroll services, tax consultancy. Almost 30 years of professional experience.","breadcrumb":{"@id":"https:\/\/itag-okolex.hu\/en\/itag-okolex\/#breadcrumb"},"inLanguage":"en-US","potentialAction":[{"@type":"ReadAction","target":["https:\/\/itag-okolex.hu\/en\/itag-okolex\/"]}]},{"@type":"BreadcrumbList","@id":"https:\/\/itag-okolex.hu\/en\/itag-okolex\/#breadcrumb","itemListElement":[{"@type":"ListItem","position":1,"name":"Kezd\u0151lap","item":"https:\/\/itag-okolex.hu\/en\/"},{"@type":"ListItem","position":2,"name":"ITAG-\u00d6KOLEX"}]},{"@type":"WebSite","@id":"https:\/\/itag-okolex.hu\/en\/#website","url":"https:\/\/itag-okolex.hu\/en\/","name":"ITAG-\u00d6kolex Zrt","description":"bookkeeping, payroll services, tax consultancy","potentialAction":[{"@type":"SearchAction","target":{"@type":"EntryPoint","urlTemplate":"https:\/\/itag-okolex.hu\/en\/?s={search_term_string}"},"query-input":{"@type":"PropertyValueSpecification","valueRequired":true,"valueName":"search_term_string"}}],"inLanguage":"en-US"}]}},"_links":{"self":[{"href":"https:\/\/itag-okolex.hu\/en\/wp-json\/wp\/v2\/pages\/47157","targetHints":{"allow":["GET"]}}],"collection":[{"href":"https:\/\/itag-okolex.hu\/en\/wp-json\/wp\/v2\/pages"}],"about":[{"href":"https:\/\/itag-okolex.hu\/en\/wp-json\/wp\/v2\/types\/page"}],"author":[{"embeddable":true,"href":"https:\/\/itag-okolex.hu\/en\/wp-json\/wp\/v2\/users\/4"}],"replies":[{"embeddable":true,"href":"https:\/\/itag-okolex.hu\/en\/wp-json\/wp\/v2\/comments?post=47157"}],"version-history":[{"count":38,"href":"https:\/\/itag-okolex.hu\/en\/wp-json\/wp\/v2\/pages\/47157\/revisions"}],"predecessor-version":[{"id":47865,"href":"https:\/\/itag-okolex.hu\/en\/wp-json\/wp\/v2\/pages\/47157\/revisions\/47865"}],"wp:attachment":[{"href":"https:\/\/itag-okolex.hu\/en\/wp-json\/wp\/v2\/media?parent=47157"}],"curies":[{"name":"wp","href":"https:\/\/api.w.org\/{rel}","templated":true}]}}