{"id":9,"date":"2016-08-01T14:51:14","date_gmt":"2016-08-01T14:51:14","guid":{"rendered":"https:\/\/www.itag-okolex.hu\/en\/?page_id=9"},"modified":"2022-01-24T10:46:44","modified_gmt":"2022-01-24T10:46:44","slug":"our-services","status":"publish","type":"page","link":"https:\/\/itag-okolex.hu\/en\/our-services\/","title":{"rendered":"Our Services"},"content":{"rendered":"<div class=\"fusion-fullwidth fullwidth-box fusion-builder-row-1 fusion-flex-container nonhundred-percent-fullwidth non-hundred-percent-height-scrolling\" style=\"--awb-border-radius-top-left:0px;--awb-border-radius-top-right:0px;--awb-border-radius-bottom-right:0px;--awb-border-radius-bottom-left:0px;--awb-padding-bottom:100px;--awb-flex-wrap:wrap;\" ><div class=\"fusion-builder-row fusion-row fusion-flex-align-items-flex-start fusion-flex-content-wrap\" style=\"max-width:1216.8px;margin-left: calc(-4% \/ 2 );margin-right: calc(-4% \/ 2 );\"><div class=\"fusion-layout-column fusion_builder_column fusion-builder-column-0 fusion_builder_column_1_1 1_1 fusion-flex-column\" style=\"--awb-bg-blend:overlay;--awb-bg-size:cover;--awb-width-large:100%;--awb-margin-top-large:0px;--awb-spacing-right-large:1.92%;--awb-margin-bottom-large:20px;--awb-spacing-left-large:1.92%;--awb-width-medium:100%;--awb-spacing-right-medium:1.92%;--awb-spacing-left-medium:1.92%;--awb-width-small:100%;--awb-spacing-right-small:1.92%;--awb-spacing-left-small:1.92%;\"><div class=\"fusion-column-wrapper fusion-flex-justify-content-flex-start fusion-content-layout-column\"><div class=\"fusion-tabs fusion-tabs-1 classic nav-is-justified horizontal-tabs icon-position-left mobile-mode-accordion\" style=\"--awb-title-border-radius-top-left:0px;--awb-title-border-radius-top-right:0px;--awb-title-border-radius-bottom-right:0px;--awb-title-border-radius-bottom-left:0px;--awb-inactive-color:#f9f9fb;--awb-background-color:#ffffff;--awb-border-color:#e2e2e2;--awb-active-border-color:#213d65;\"><div class=\"nav\"><ul class=\"nav-tabs nav-justified\" role=\"tablist\"><li class=\"active\" role=\"presentation\"><a class=\"tab-link\" data-toggle=\"tab\" role=\"tab\" aria-controls=\"tab-5861f971eeefd9f631c\" aria-selected=\"true\" id=\"fusion-tab-bookkeeping\" href=\"#tab-5861f971eeefd9f631c\"><h4 class=\"fusion-tab-heading\">Bookkeeping<\/h4><\/a><\/li><li role=\"presentation\"><a class=\"tab-link\" data-toggle=\"tab\" role=\"tab\" aria-controls=\"tab-3e534b13a0e9a9dbc46\" aria-selected=\"false\" tabindex=\"-1\" id=\"fusion-tab-payrollservices\" href=\"#tab-3e534b13a0e9a9dbc46\"><h4 class=\"fusion-tab-heading\">Payroll services<\/h4><\/a><\/li><li role=\"presentation\"><a class=\"tab-link\" data-toggle=\"tab\" role=\"tab\" aria-controls=\"tab-05b382c6d7424866928\" aria-selected=\"false\" tabindex=\"-1\" id=\"fusion-tab-taxconsultancy\" href=\"#tab-05b382c6d7424866928\"><h4 class=\"fusion-tab-heading\">Tax consultancy<\/h4><\/a><\/li><\/ul><\/div><div class=\"tab-content\"><div class=\"nav fusion-mobile-tab-nav\"><ul class=\"nav-tabs nav-justified\" role=\"tablist\"><li class=\"active\" role=\"presentation\"><a class=\"tab-link\" data-toggle=\"tab\" role=\"tab\" aria-controls=\"tab-5861f971eeefd9f631c\" aria-selected=\"true\" id=\"mobile-fusion-tab-bookkeeping\" href=\"#tab-5861f971eeefd9f631c\"><h4 class=\"fusion-tab-heading\">Bookkeeping<\/h4><\/a><\/li><\/ul><\/div><div class=\"tab-pane fade fusion-clearfix in active\" role=\"tabpanel\" tabindex=\"0\" aria-labelledby=\"fusion-tab-bookkeeping\" id=\"tab-5861f971eeefd9f631c\"><div class=\"fusion-builder-row fusion-builder-row-inner fusion-row fusion-flex-align-items-flex-start fusion-flex-content-wrap\" style=\"width:104% !important;max-width:104% !important;margin-left: calc(-4% \/ 2 );margin-right: calc(-4% \/ 2 );\"><div class=\"fusion-layout-column fusion_builder_column_inner fusion-builder-nested-column-0 fusion_builder_column_inner_1_1 1_1 fusion-flex-column\" style=\"--awb-bg-size:cover;--awb-width-large:100%;--awb-margin-top-large:20px;--awb-spacing-right-large:1.92%;--awb-margin-bottom-large:20px;--awb-spacing-left-large:1.92%;--awb-width-medium:100%;--awb-spacing-right-medium:1.92%;--awb-spacing-left-medium:1.92%;--awb-width-small:100%;--awb-spacing-right-small:1.92%;--awb-spacing-left-small:1.92%;\"><div class=\"fusion-column-wrapper fusion-flex-justify-content-flex-start fusion-content-layout-column\"><\/div><\/div><div class=\"fusion-layout-column fusion_builder_column_inner fusion-builder-nested-column-1 fusion_builder_column_inner_1_3 1_3 fusion-flex-column\" style=\"--awb-bg-size:cover;--awb-width-large:33.333333333333%;--awb-margin-top-large:0px;--awb-spacing-right-large:5.76%;--awb-margin-bottom-large:20px;--awb-spacing-left-large:5.76%;--awb-width-medium:33.333333333333%;--awb-spacing-right-medium:5.76%;--awb-spacing-left-medium:5.76%;--awb-width-small:100%;--awb-spacing-right-small:1.92%;--awb-spacing-left-small:1.92%;\"><div class=\"fusion-column-wrapper fusion-flex-justify-content-flex-start fusion-content-layout-column\"><div class=\"fusion-image-element in-legacy-container\" style=\"--awb-caption-title-font-family:var(--h2_typography-font-family);--awb-caption-title-font-weight:var(--h2_typography-font-weight);--awb-caption-title-font-style:var(--h2_typography-font-style);--awb-caption-title-size:var(--h2_typography-font-size);--awb-caption-title-transform:var(--h2_typography-text-transform);--awb-caption-title-line-height:var(--h2_typography-line-height);--awb-caption-title-letter-spacing:var(--h2_typography-letter-spacing);\"><span class=\" fusion-imageframe imageframe-none imageframe-1 hover-type-none\"><img decoding=\"async\" width=\"300\" height=\"300\" alt=\"ITAG-\u00d6kolex Zrt. K\u00f6nyvel\u00e9si szolg\u00e1ltat\u00e1sok\" title=\"ITAG-\u00d6kolex Zrt. K\u00f6nyvel\u00e9si szolg\u00e1ltat\u00e1sok\" src=\"https:\/\/itag-okolex.hu\/en\/wp-content\/uploads\/sites\/3\/assets\/img\/ikon-konyveles.png\" data-orig-src=\"https:\/\/www.itag-okolex.hu\/en\/wp-content\/uploads\/sites\/3\/assets\/img\/ikon-konyveles.png\" class=\"lazyload img-responsive wp-image-46935\" srcset=\"data:image\/svg+xml,%3Csvg%20xmlns%3D%27http%3A%2F%2Fwww.w3.org%2F2000%2Fsvg%27%20width%3D%27300%27%20height%3D%27300%27%20viewBox%3D%270%200%20300%20300%27%3E%3Crect%20width%3D%27300%27%20height%3D%27300%27%20fill-opacity%3D%220%22%2F%3E%3C%2Fsvg%3E\" data-srcset=\"https:\/\/itag-okolex.hu\/en\/wp-content\/uploads\/sites\/3\/assets\/img\/ikon-konyveles-200x200.png 200w, https:\/\/itag-okolex.hu\/en\/wp-content\/uploads\/sites\/3\/assets\/img\/ikon-konyveles.png 300w\" data-sizes=\"auto\" data-orig-sizes=\"(max-width: 640px) 100vw, 300px\" \/><\/span><\/div><\/div><\/div><div class=\"fusion-layout-column fusion_builder_column_inner fusion-builder-nested-column-2 fusion_builder_column_inner_2_3 2_3 fusion-flex-column\" style=\"--awb-bg-size:cover;--awb-width-large:66.666666666667%;--awb-margin-top-large:0px;--awb-spacing-right-large:2.88%;--awb-margin-bottom-large:20px;--awb-spacing-left-large:2.88%;--awb-width-medium:66.666666666667%;--awb-spacing-right-medium:2.88%;--awb-spacing-left-medium:2.88%;--awb-width-small:100%;--awb-spacing-right-small:1.92%;--awb-spacing-left-small:1.92%;\"><div class=\"fusion-column-wrapper fusion-flex-justify-content-flex-start fusion-content-layout-column\"><div class=\"fusion-text fusion-text-1\" style=\"--awb-text-transform:none;\"><h4>Our company offers the following accounting services for micro, small and medium-sized enterprises, Hungarian subsidiaries, branches of foreign companies with providing data in German and English.<\/h4>\n<ul type=\"square\">\n<li>Full double-entry bookkeeping in the general ledger<\/li>\n<li>Preparing annual, interim financial statements in Hungarian and in German or English<\/li>\n<li>Preparing and submitting tax returns<\/li>\n<li>Providing data from the data booked according to requests as agreed<\/li>\n<li>Preparation and updating of accounting policies, order of accounts, taking into account the client&#8217;s decision<\/li>\n<li>Professional support in designing, reviewing, enhancing accounting systems<\/li>\n<li>Preparing and submitting data supply to Central Statistical Office and National Bank of Hungary<\/li>\n<li>Bookkeeping in foreign currency<\/li>\n<li>Bookkeeping of Hungarian branches of foreign-seated companies<\/li>\n<\/ul>\n<h3>Other services<\/h3>\n<ul type=\"square\">\n<li>Upon request, providing seat office and office administration services for the companies we provide accounting services to<\/li>\n<li>Bookkeeping of companies under final dissolution, administration of final dissolution<\/li>\n<\/ul>\n<\/div><\/div><\/div><\/div>\n\n<\/div><div class=\"nav fusion-mobile-tab-nav\"><ul class=\"nav-tabs nav-justified\" role=\"tablist\"><li role=\"presentation\"><a class=\"tab-link\" data-toggle=\"tab\" role=\"tab\" aria-controls=\"tab-3e534b13a0e9a9dbc46\" aria-selected=\"false\" tabindex=\"-1\" id=\"mobile-fusion-tab-payrollservices\" href=\"#tab-3e534b13a0e9a9dbc46\"><h4 class=\"fusion-tab-heading\">Payroll services<\/h4><\/a><\/li><\/ul><\/div><div class=\"tab-pane fade fusion-clearfix\" role=\"tabpanel\" tabindex=\"0\" aria-labelledby=\"fusion-tab-payrollservices\" id=\"tab-3e534b13a0e9a9dbc46\"><div class=\"fusion-builder-row fusion-builder-row-inner fusion-row fusion-flex-align-items-flex-start fusion-flex-content-wrap\" style=\"width:104% !important;max-width:104% !important;margin-left: calc(-4% \/ 2 );margin-right: calc(-4% \/ 2 );\"><div class=\"fusion-layout-column fusion_builder_column_inner fusion-builder-nested-column-3 fusion_builder_column_inner_1_1 1_1 fusion-flex-column\" style=\"--awb-bg-size:cover;--awb-width-large:100%;--awb-margin-top-large:20px;--awb-spacing-right-large:1.92%;--awb-margin-bottom-large:20px;--awb-spacing-left-large:1.92%;--awb-width-medium:100%;--awb-spacing-right-medium:1.92%;--awb-spacing-left-medium:1.92%;--awb-width-small:100%;--awb-spacing-right-small:1.92%;--awb-spacing-left-small:1.92%;\"><div class=\"fusion-column-wrapper fusion-flex-justify-content-flex-start fusion-content-layout-column\"><\/div><\/div><div class=\"fusion-layout-column fusion_builder_column_inner fusion-builder-nested-column-4 fusion_builder_column_inner_1_3 1_3 fusion-flex-column\" style=\"--awb-bg-size:cover;--awb-width-large:33.333333333333%;--awb-margin-top-large:0px;--awb-spacing-right-large:5.76%;--awb-margin-bottom-large:20px;--awb-spacing-left-large:5.76%;--awb-width-medium:33.333333333333%;--awb-spacing-right-medium:5.76%;--awb-spacing-left-medium:5.76%;--awb-width-small:100%;--awb-spacing-right-small:1.92%;--awb-spacing-left-small:1.92%;\"><div class=\"fusion-column-wrapper fusion-flex-justify-content-flex-start fusion-content-layout-column\"><div class=\"fusion-image-element \" style=\"--awb-caption-title-font-family:var(--h2_typography-font-family);--awb-caption-title-font-weight:var(--h2_typography-font-weight);--awb-caption-title-font-style:var(--h2_typography-font-style);--awb-caption-title-size:var(--h2_typography-font-size);--awb-caption-title-transform:var(--h2_typography-text-transform);--awb-caption-title-line-height:var(--h2_typography-line-height);--awb-caption-title-letter-spacing:var(--h2_typography-letter-spacing);\"><span class=\" fusion-imageframe imageframe-none imageframe-2 hover-type-none\"><img decoding=\"async\" width=\"300\" height=\"300\" alt=\"ITAG-\u00d6kolex Zrt. B\u00e9rsz\u00e1mfejt\u00e9s\" title=\"ITAG-\u00d6kolex Zrt. B\u00e9rsz\u00e1mfejt\u00e9s\" src=\"https:\/\/itag-okolex.hu\/en\/wp-content\/uploads\/sites\/3\/assets\/img\/ikon-ber.png\" data-orig-src=\"https:\/\/www.itag-okolex.hu\/en\/wp-content\/uploads\/sites\/3\/assets\/img\/ikon-ber.png\" class=\"lazyload img-responsive wp-image-46934\" srcset=\"data:image\/svg+xml,%3Csvg%20xmlns%3D%27http%3A%2F%2Fwww.w3.org%2F2000%2Fsvg%27%20width%3D%27300%27%20height%3D%27300%27%20viewBox%3D%270%200%20300%20300%27%3E%3Crect%20width%3D%27300%27%20height%3D%27300%27%20fill-opacity%3D%220%22%2F%3E%3C%2Fsvg%3E\" data-srcset=\"https:\/\/itag-okolex.hu\/en\/wp-content\/uploads\/sites\/3\/assets\/img\/ikon-ber-200x200.png 200w, https:\/\/itag-okolex.hu\/en\/wp-content\/uploads\/sites\/3\/assets\/img\/ikon-ber.png 300w\" data-sizes=\"auto\" data-orig-sizes=\"(max-width: 640px) 100vw, 300px\" \/><\/span><\/div><\/div><\/div><div class=\"fusion-layout-column fusion_builder_column_inner fusion-builder-nested-column-5 fusion_builder_column_inner_2_3 2_3 fusion-flex-column\" style=\"--awb-bg-size:cover;--awb-width-large:66.666666666667%;--awb-margin-top-large:0px;--awb-spacing-right-large:2.88%;--awb-margin-bottom-large:20px;--awb-spacing-left-large:2.88%;--awb-width-medium:66.666666666667%;--awb-spacing-right-medium:2.88%;--awb-spacing-left-medium:2.88%;--awb-width-small:100%;--awb-spacing-right-small:1.92%;--awb-spacing-left-small:1.92%;\"><div class=\"fusion-column-wrapper fusion-flex-justify-content-flex-start fusion-content-layout-column\"><div class=\"fusion-text fusion-text-2\" style=\"--awb-text-transform:none;\"><h3>Payroll and employment services<\/h3>\n<ul type=\"square\">\n<li>For new entrants, completing the tasks related to entry<\/li>\n<li>Register of employees\u2019 data<\/li>\n<li>Payroll of employees with normal and shift work schedule<\/li>\n<li>Account of ad hoc delegates<\/li>\n<li>Account of wage supplements and of reimbursement of expenses<\/li>\n<li>Monthly data reporting (e.g. cost allocation by job number), preparation of tax returns<\/li>\n<li>Preparation of the list on taxes and contributions to be payable on a monthly basis<\/li>\n<li>Issuing employer\u2019s certificates<\/li>\n<li>Administration related to dissolving the employment<\/li>\n<li>Statutory labor statistical reporting (monthly, quarterly, annual)<\/li>\n<li>Operation of a social security payment office<\/li>\n<\/ul>\n<\/div><\/div><\/div><\/div>\n\n<\/div><div class=\"nav fusion-mobile-tab-nav\"><ul class=\"nav-tabs nav-justified\" role=\"tablist\"><li role=\"presentation\"><a class=\"tab-link\" data-toggle=\"tab\" role=\"tab\" aria-controls=\"tab-05b382c6d7424866928\" aria-selected=\"false\" tabindex=\"-1\" id=\"mobile-fusion-tab-taxconsultancy\" href=\"#tab-05b382c6d7424866928\"><h4 class=\"fusion-tab-heading\">Tax consultancy<\/h4><\/a><\/li><\/ul><\/div><div class=\"tab-pane fade fusion-clearfix\" role=\"tabpanel\" tabindex=\"0\" aria-labelledby=\"fusion-tab-taxconsultancy\" id=\"tab-05b382c6d7424866928\"><div class=\"fusion-builder-row fusion-builder-row-inner fusion-row fusion-flex-align-items-flex-start fusion-flex-content-wrap\" style=\"width:104% !important;max-width:104% !important;margin-left: calc(-4% \/ 2 );margin-right: calc(-4% \/ 2 );\"><div class=\"fusion-layout-column fusion_builder_column_inner fusion-builder-nested-column-6 fusion_builder_column_inner_1_1 1_1 fusion-flex-column\" style=\"--awb-bg-size:cover;--awb-width-large:100%;--awb-margin-top-large:20px;--awb-spacing-right-large:1.92%;--awb-margin-bottom-large:20px;--awb-spacing-left-large:1.92%;--awb-width-medium:100%;--awb-spacing-right-medium:1.92%;--awb-spacing-left-medium:1.92%;--awb-width-small:100%;--awb-spacing-right-small:1.92%;--awb-spacing-left-small:1.92%;\"><div class=\"fusion-column-wrapper fusion-flex-justify-content-flex-start fusion-content-layout-column\"><\/div><\/div><div class=\"fusion-layout-column fusion_builder_column_inner fusion-builder-nested-column-7 fusion_builder_column_inner_1_3 1_3 fusion-flex-column\" style=\"--awb-bg-size:cover;--awb-width-large:33.333333333333%;--awb-margin-top-large:0px;--awb-spacing-right-large:5.76%;--awb-margin-bottom-large:20px;--awb-spacing-left-large:5.76%;--awb-width-medium:33.333333333333%;--awb-spacing-right-medium:5.76%;--awb-spacing-left-medium:5.76%;--awb-width-small:100%;--awb-spacing-right-small:1.92%;--awb-spacing-left-small:1.92%;\"><div class=\"fusion-column-wrapper fusion-flex-justify-content-flex-start fusion-content-layout-column\"><div class=\"fusion-image-element \" style=\"--awb-caption-title-font-family:var(--h2_typography-font-family);--awb-caption-title-font-weight:var(--h2_typography-font-weight);--awb-caption-title-font-style:var(--h2_typography-font-style);--awb-caption-title-size:var(--h2_typography-font-size);--awb-caption-title-transform:var(--h2_typography-text-transform);--awb-caption-title-line-height:var(--h2_typography-line-height);--awb-caption-title-letter-spacing:var(--h2_typography-letter-spacing);\"><span class=\" fusion-imageframe imageframe-none imageframe-3 hover-type-none\"><img decoding=\"async\" width=\"300\" height=\"300\" alt=\"ITAG-\u00d6kolex Zrt. Ad\u00f3tan\u00e1csad\u00e1s\" title=\"ITAG-\u00d6kolex Zrt. Ad\u00f3tan\u00e1csad\u00e1s\" src=\"https:\/\/itag-okolex.hu\/en\/wp-content\/uploads\/sites\/3\/assets\/img\/ikon-tanacsadas.png\" data-orig-src=\"https:\/\/www.itag-okolex.hu\/en\/wp-content\/uploads\/sites\/3\/assets\/img\/ikon-tanacsadas.png\" class=\"lazyload img-responsive wp-image-46936\" srcset=\"data:image\/svg+xml,%3Csvg%20xmlns%3D%27http%3A%2F%2Fwww.w3.org%2F2000%2Fsvg%27%20width%3D%27300%27%20height%3D%27300%27%20viewBox%3D%270%200%20300%20300%27%3E%3Crect%20width%3D%27300%27%20height%3D%27300%27%20fill-opacity%3D%220%22%2F%3E%3C%2Fsvg%3E\" data-srcset=\"https:\/\/itag-okolex.hu\/en\/wp-content\/uploads\/sites\/3\/assets\/img\/ikon-tanacsadas-200x200.png 200w, https:\/\/itag-okolex.hu\/en\/wp-content\/uploads\/sites\/3\/assets\/img\/ikon-tanacsadas.png 300w\" data-sizes=\"auto\" data-orig-sizes=\"(max-width: 640px) 100vw, 300px\" \/><\/span><\/div><\/div><\/div><div class=\"fusion-layout-column fusion_builder_column_inner fusion-builder-nested-column-8 fusion_builder_column_inner_2_3 2_3 fusion-flex-column\" style=\"--awb-bg-size:cover;--awb-width-large:66.666666666667%;--awb-margin-top-large:0px;--awb-spacing-right-large:2.88%;--awb-margin-bottom-large:20px;--awb-spacing-left-large:2.88%;--awb-width-medium:66.666666666667%;--awb-spacing-right-medium:2.88%;--awb-spacing-left-medium:2.88%;--awb-width-small:100%;--awb-spacing-right-small:1.92%;--awb-spacing-left-small:1.92%;\"><div class=\"fusion-column-wrapper fusion-flex-justify-content-flex-start fusion-content-layout-column\"><div class=\"fusion-text fusion-text-3\" style=\"--awb-text-transform:none;\"><h3>Tax consultancy<\/h3>\n<ul type=\"square\">\n<li>Tax and accounting consultancy<\/li>\n<li>Tax representation and VAT administration of foreign companies in Hungary<\/li>\n<li>Representation at the tax authorities in individual cases<\/li>\n<li>Review of tax system of companies, risk assessments<\/li>\n<li>Payroll services: employment of Hungarian employees by foreign employer while working in Hungarian<\/li>\n<\/ul>\n<\/div><\/div><\/div><\/div>\n\n<\/div><\/div><\/div><\/div><\/div><\/div><\/div>\n","protected":false},"excerpt":{"rendered":"","protected":false},"author":4,"featured_media":0,"parent":0,"menu_order":0,"comment_status":"closed","ping_status":"closed","template":"100-width.php","meta":{"_acf_changed":false,"footnotes":""},"class_list":["post-9","page","type-page","status-publish","hentry"],"acf":[],"yoast_head":"<!-- This site is optimized with the Yoast SEO Premium plugin v17.7 (Yoast SEO v24.2) - https:\/\/yoast.com\/wordpress\/plugins\/seo\/ -->\n<title>Our Services, bookkeeping, payroll services, tax consultancy<\/title>\n<meta name=\"description\" content=\"Expertise and experience, accounting office, bookkeeping, payroll services, tax consultancy. Almost 30 years of professional experience.\" \/>\n<meta name=\"robots\" content=\"index, follow, max-snippet:-1, max-image-preview:large, max-video-preview:-1\" \/>\n<link rel=\"canonical\" href=\"https:\/\/itag-okolex.hu\/en\/our-services\/\" \/>\n<meta property=\"og:locale\" content=\"en_US\" \/>\n<meta property=\"og:type\" content=\"article\" \/>\n<meta property=\"og:title\" content=\"Our Services\" \/>\n<meta property=\"og:description\" content=\"Expertise and experience, accounting office, bookkeeping, payroll services, tax consultancy. Almost 30 years of professional experience.\" \/>\n<meta property=\"og:url\" content=\"https:\/\/itag-okolex.hu\/en\/our-services\/\" \/>\n<meta property=\"og:site_name\" content=\"ENG - ITAG-\u00d6kolex Zrt.\" \/>\n<meta property=\"article:modified_time\" content=\"2022-01-24T10:46:44+00:00\" \/>\n<meta name=\"twitter:card\" content=\"summary_large_image\" \/>\n<meta name=\"twitter:label1\" content=\"Est. reading time\" \/>\n\t<meta name=\"twitter:data1\" content=\"1 minute\" \/>\n<script type=\"application\/ld+json\" class=\"yoast-schema-graph\">{\"@context\":\"https:\/\/schema.org\",\"@graph\":[{\"@type\":\"WebPage\",\"@id\":\"https:\/\/itag-okolex.hu\/en\/our-services\/\",\"url\":\"https:\/\/itag-okolex.hu\/en\/our-services\/\",\"name\":\"Our Services, bookkeeping, payroll services, tax consultancy\",\"isPartOf\":{\"@id\":\"https:\/\/itag-okolex.hu\/en\/#website\"},\"datePublished\":\"2016-08-01T14:51:14+00:00\",\"dateModified\":\"2022-01-24T10:46:44+00:00\",\"description\":\"Expertise and experience, accounting office, bookkeeping, payroll services, tax consultancy. Almost 30 years of professional experience.\",\"breadcrumb\":{\"@id\":\"https:\/\/itag-okolex.hu\/en\/our-services\/#breadcrumb\"},\"inLanguage\":\"en-US\",\"potentialAction\":[{\"@type\":\"ReadAction\",\"target\":[\"https:\/\/itag-okolex.hu\/en\/our-services\/\"]}]},{\"@type\":\"BreadcrumbList\",\"@id\":\"https:\/\/itag-okolex.hu\/en\/our-services\/#breadcrumb\",\"itemListElement\":[{\"@type\":\"ListItem\",\"position\":1,\"name\":\"Kezd\u0151lap\",\"item\":\"https:\/\/itag-okolex.hu\/en\/\"},{\"@type\":\"ListItem\",\"position\":2,\"name\":\"Our Services\"}]},{\"@type\":\"WebSite\",\"@id\":\"https:\/\/itag-okolex.hu\/en\/#website\",\"url\":\"https:\/\/itag-okolex.hu\/en\/\",\"name\":\"ITAG-\u00d6kolex Zrt\",\"description\":\"bookkeeping, payroll services, tax consultancy\",\"potentialAction\":[{\"@type\":\"SearchAction\",\"target\":{\"@type\":\"EntryPoint\",\"urlTemplate\":\"https:\/\/itag-okolex.hu\/en\/?s={search_term_string}\"},\"query-input\":{\"@type\":\"PropertyValueSpecification\",\"valueRequired\":true,\"valueName\":\"search_term_string\"}}],\"inLanguage\":\"en-US\"}]}<\/script>\n<!-- \/ Yoast SEO Premium plugin. -->","yoast_head_json":{"title":"Our Services, bookkeeping, payroll services, tax consultancy","description":"Expertise and experience, accounting office, bookkeeping, payroll services, tax consultancy. Almost 30 years of professional experience.","robots":{"index":"index","follow":"follow","max-snippet":"max-snippet:-1","max-image-preview":"max-image-preview:large","max-video-preview":"max-video-preview:-1"},"canonical":"https:\/\/itag-okolex.hu\/en\/our-services\/","og_locale":"en_US","og_type":"article","og_title":"Our Services","og_description":"Expertise and experience, accounting office, bookkeeping, payroll services, tax consultancy. Almost 30 years of professional experience.","og_url":"https:\/\/itag-okolex.hu\/en\/our-services\/","og_site_name":"ENG - ITAG-\u00d6kolex Zrt.","article_modified_time":"2022-01-24T10:46:44+00:00","twitter_card":"summary_large_image","twitter_misc":{"Est. reading time":"1 minute"},"schema":{"@context":"https:\/\/schema.org","@graph":[{"@type":"WebPage","@id":"https:\/\/itag-okolex.hu\/en\/our-services\/","url":"https:\/\/itag-okolex.hu\/en\/our-services\/","name":"Our Services, bookkeeping, payroll services, tax consultancy","isPartOf":{"@id":"https:\/\/itag-okolex.hu\/en\/#website"},"datePublished":"2016-08-01T14:51:14+00:00","dateModified":"2022-01-24T10:46:44+00:00","description":"Expertise and experience, accounting office, bookkeeping, payroll services, tax consultancy. Almost 30 years of professional experience.","breadcrumb":{"@id":"https:\/\/itag-okolex.hu\/en\/our-services\/#breadcrumb"},"inLanguage":"en-US","potentialAction":[{"@type":"ReadAction","target":["https:\/\/itag-okolex.hu\/en\/our-services\/"]}]},{"@type":"BreadcrumbList","@id":"https:\/\/itag-okolex.hu\/en\/our-services\/#breadcrumb","itemListElement":[{"@type":"ListItem","position":1,"name":"Kezd\u0151lap","item":"https:\/\/itag-okolex.hu\/en\/"},{"@type":"ListItem","position":2,"name":"Our Services"}]},{"@type":"WebSite","@id":"https:\/\/itag-okolex.hu\/en\/#website","url":"https:\/\/itag-okolex.hu\/en\/","name":"ITAG-\u00d6kolex Zrt","description":"bookkeeping, payroll services, tax consultancy","potentialAction":[{"@type":"SearchAction","target":{"@type":"EntryPoint","urlTemplate":"https:\/\/itag-okolex.hu\/en\/?s={search_term_string}"},"query-input":{"@type":"PropertyValueSpecification","valueRequired":true,"valueName":"search_term_string"}}],"inLanguage":"en-US"}]}},"_links":{"self":[{"href":"https:\/\/itag-okolex.hu\/en\/wp-json\/wp\/v2\/pages\/9","targetHints":{"allow":["GET"]}}],"collection":[{"href":"https:\/\/itag-okolex.hu\/en\/wp-json\/wp\/v2\/pages"}],"about":[{"href":"https:\/\/itag-okolex.hu\/en\/wp-json\/wp\/v2\/types\/page"}],"author":[{"embeddable":true,"href":"https:\/\/itag-okolex.hu\/en\/wp-json\/wp\/v2\/users\/4"}],"replies":[{"embeddable":true,"href":"https:\/\/itag-okolex.hu\/en\/wp-json\/wp\/v2\/comments?post=9"}],"version-history":[{"count":51,"href":"https:\/\/itag-okolex.hu\/en\/wp-json\/wp\/v2\/pages\/9\/revisions"}],"predecessor-version":[{"id":47876,"href":"https:\/\/itag-okolex.hu\/en\/wp-json\/wp\/v2\/pages\/9\/revisions\/47876"}],"wp:attachment":[{"href":"https:\/\/itag-okolex.hu\/en\/wp-json\/wp\/v2\/media?parent=9"}],"curies":[{"name":"wp","href":"https:\/\/api.w.org\/{rel}","templated":true}]}}